{"id":844,"date":"2024-06-17T12:31:10","date_gmt":"2024-06-17T12:31:10","guid":{"rendered":"https:\/\/mcht.es\/?page_id=844"},"modified":"2024-06-28T10:59:32","modified_gmt":"2024-06-28T10:59:32","slug":"politica-de-cookies","status":"publish","type":"page","link":"https:\/\/mcht.es\/en\/politica-de-cookies\/","title":{"rendered":"Politica de Cookies"},"content":{"rendered":"<div id=\"page\" class=\"site grid-container container hfeed grid-parent\">\n<div id=\"content\" class=\"site-content\">\n<div id=\"primary\" class=\"content-area grid-parent mobile-grid-100 grid-100 tablet-grid-100\">\n<div id=\"page\" class=\"site grid-container container hfeed grid-parent\">\n<div id=\"content\" class=\"site-content\">\n<div id=\"primary\" class=\"content-area grid-parent mobile-grid-100 grid-100 tablet-grid-100\"><main id=\"main\" class=\"site-main\"><\/p>\n<article id=\"post-134\" class=\"post-134 page type-page status-publish\">\n<div class=\"inside-article\">\n<div class=\"entry-content\">\n<h2>Cookies:<\/h2>\n<p>Una\u00a0<em>cookie<\/em>\u00a0es un fichero de texto\u00a0<b>inofensivo<\/b>\u00a0que se almacena en su navegador cuando visita casi cualquier p\u00e1gina web. La utilidad de la\u00a0<em>cookie<\/em>\u00a0es que la web sea capaz de recordar su visita cuando vuelva a navegar por esa p\u00e1gina. Aunque mucha gente no lo sabe las\u00a0<em>cookies<\/em>\u00a0se llevan utilizando desde hace 20 a\u00f1os, cuando aparecieron los primeros navegadores para la World Wide Web.<\/p>\n<h2>\u00bfQu\u00e9 NO ES una cookie?<\/h2>\n<p>No es un virus, ni un troyano, ni un gusano, ni spam, ni spyware, ni abre ventanas pop-up.<\/p>\n<h2>\u00bfQu\u00e9 informaci\u00f3n almacena una\u00a0<em>cookie<\/em>?<\/h2>\n<p>Las\u00a0<em>cookies<\/em>\u00a0no suelen almacenar informaci\u00f3n sensible sobre usted, como tarjetas de cr\u00e9dito o datos bancarios, fotograf\u00edas, su DNI o informaci\u00f3n personal, etc. Los datos que guardan son de car\u00e1cter t\u00e9cnico, preferencias personales, personalizaci\u00f3n de contenidos, etc.<\/p>\n<p>El servidor web no le asocia a usted como persona si no a su navegador web. De hecho, si usted navega habitualmente con Internet Explorer y prueba a navegar por la misma web con Firefox o Chrome ver\u00e1 que la web no se da cuenta que es usted la misma persona porque en realidad est\u00e1 asociando al navegador, no a la persona.<\/p>\n<h2>\u00bfQu\u00e9 tipo de\u00a0<em>cookies<\/em>\u00a0existen?<\/h2>\n<ul>\n<li><em>Cookies<\/em>\u00a0t\u00e9cnicas: Son las m\u00e1s elementales y permiten, entre otras cosas, saber cu\u00e1ndo est\u00e1 navegando un humano o una aplicaci\u00f3n automatizada, cu\u00e1ndo navega un usuario an\u00f3nimo y uno registrado, tareas b\u00e1sicas para el funcionamiento de cualquier web din\u00e1mica.<\/li>\n<li><em>Cookies<\/em>\u00a0de an\u00e1lisis: Recogen informaci\u00f3n sobre el tipo de navegaci\u00f3n que est\u00e1 realizando, las secciones que m\u00e1s utiliza, productos consultados, franja horaria de uso, idioma, etc.<\/li>\n<li><em>Cookies<\/em>\u00a0publicitarias: Muestran publicidad en funci\u00f3n de su navegaci\u00f3n, su pa\u00eds de procedencia, idioma, etc.<\/li>\n<\/ul>\n<h2>\u00bfQu\u00e9 son las\u00a0<em>cookies<\/em>\u00a0propias y las de terceros?<\/h2>\n<p>Las\u00a0<em>cookies propias<\/em>\u00a0son las generadas por la p\u00e1gina que est\u00e1 visitando y las\u00a0<em>de terceros<\/em>\u00a0son las generadas por servicios o proveedores externos como Facebook, Twitter, Google, etc.<\/p>\n<h2>\u00bfQu\u00e9 ocurre si desactivo las\u00a0<em>cookies<\/em>?<\/h2>\n<p>Para que entienda el alcance que puede tener desactivar las\u00a0<em>cookies<\/em>\u00a0le mostramos unos ejemplos:<\/p>\n<ul>\n<li>No podr\u00e1 compartir contenidos de esa web en Facebook, Twitter o cualquier otra red social.<\/li>\n<li>El sitio web no podr\u00e1 adaptar los contenidos a sus preferencias personales, como suele ocurrir en las tiendas online.<\/li>\n<li>No podr\u00e1 acceder al \u00e1rea personal de esa web, como por ejemplo\u00a0<em>Mi cuenta<\/em>, o\u00a0<em>Mi perfil<\/em>\u00a0o\u00a0<em>Mis pedidos<\/em>.<\/li>\n<li>Tiendas online: Le ser\u00e1 imposible realizar compras online, tendr\u00e1n que ser telef\u00f3nicas o visitando la tienda f\u00edsica si es que dispone de ella.<\/li>\n<li>No ser\u00e1 posible personalizar sus preferencias geogr\u00e1ficas como franja horaria, divisa o idioma.<\/li>\n<li>El sitio web no podr\u00e1 realizar anal\u00edticas web sobre visitantes y tr\u00e1fico en la web, lo que dificultar\u00e1 que la web sea competitiva.<\/li>\n<li>No podr\u00e1 escribir en el blog, no podr\u00e1 subir fotos, publicar comentarios, valorar o puntuar contenidos. La web tampoco podr\u00e1 saber si usted es un humano o una aplicaci\u00f3n automatizada que publica\u00a0<em>spam<\/em>.<\/li>\n<li>No se podr\u00e1 mostrar publicidad sectorizada, lo que reducir\u00e1 los ingresos publicitarios de la web.<\/li>\n<li>Todas las redes sociales usan\u00a0<em>cookies<\/em>, si las desactiva no podr\u00e1 utilizar ninguna red social.<\/li>\n<\/ul>\n<h2>\u00bfSe pueden eliminar las\u00a0<em>cookies<\/em>?<\/h2>\n<p>S\u00ed. No s\u00f3lo eliminar, tambi\u00e9n bloquear, de forma general o particular para un dominio espec\u00edfico.<\/p>\n<p>Para eliminar las\u00a0<em>cookies<\/em>\u00a0de un sitio web debe ir a la configuraci\u00f3n de su navegador y all\u00ed podr\u00e1 buscar las asociadas al dominio en cuesti\u00f3n y proceder a su eliminaci\u00f3n.<\/p>\n<h2 id=\"navegadores\">Configuraci\u00f3n de\u00a0<em>cookies<\/em>\u00a0para los navegadores m\u00e1s polulares<\/h2>\n<p>A continuaci\u00f3n le indicamos c\u00f3mo acceder a una\u00a0<em>cookie<\/em>\u00a0determinada del navegador\u00a0<b>Chrome<\/b>. Nota: estos pasos pueden variar en funci\u00f3n de la versi\u00f3n del navegador:<\/p>\n<ol>\n<li>Vaya a Configuraci\u00f3n o Preferencias mediante el men\u00fa Archivo o bien pinchando el icono de personalizaci\u00f3n que aparece arriba a la derecha.<\/li>\n<li>Ver\u00e1 diferentes secciones, pinche la opci\u00f3n\u00a0<em>Mostrar opciones avanzadas<\/em>.<\/li>\n<li>Vaya a\u00a0<em>Privacy<\/em>,\u00a0<em>Configuraci\u00f3n de contenido<\/em>.<\/li>\n<li>Seleccione\u00a0<em>Todas las\u00a0cookies\u00a0y los datos de sitios<\/em>.<\/li>\n<li>Aparecer\u00e1 un listado con todas las\u00a0<em>cookies<\/em>\u00a0ordenadas por dominio. Para que le sea m\u00e1s f\u00e1cil encontrar las\u00a0<em>cookies<\/em>\u00a0de un determinado dominio introduzca parcial o totalmente la direcci\u00f3n en el campo\u00a0<em>Buscar cookies<\/em>.<\/li>\n<li>Tras realizar este filtro aparecer\u00e1n en pantalla una o varias l\u00edneas con las\u00a0<em>cookies<\/em>\u00a0de la web solicitada. Ahora s\u00f3lo tiene que seleccionarla y pulsar la\u00a0<em>X<\/em>\u00a0para proceder a su eliminaci\u00f3n.<\/li>\n<\/ol>\n<p>Para acceder a la configuraci\u00f3n de\u00a0<em>cookies<\/em>\u00a0del navegador\u00a0<b>Internet Explorer<\/b>\u00a0siga estos pasos (pueden variar en funci\u00f3n de la versi\u00f3n del navegador):<\/p>\n<ol>\n<li>Vaya a\u00a0<em>Herramientas<\/em>,\u00a0<em>Opciones de Internet<\/em><\/li>\n<li>Haga click en\u00a0<em>Privacy<\/em>.<\/li>\n<li>Mueva el deslizador hasta ajustar el nivel de privacidad que desee.<\/li>\n<\/ol>\n<p>Para acceder a la configuraci\u00f3n de\u00a0<em>cookies<\/em>\u00a0del navegador\u00a0<b>Firefox<\/b>\u00a0siga estos pasos (pueden variar en funci\u00f3n de la versi\u00f3n del navegador):<\/p>\n<ol>\n<li>Vaya a\u00a0<em>Opciones<\/em>\u00a0o\u00a0<em>Preferencias<\/em>\u00a0seg\u00fan su sistema operativo.<\/li>\n<li>Haga click en\u00a0<em>Privacy<\/em>.<\/li>\n<li>En\u00a0<em>Historial<\/em>\u00a0elija\u00a0<em>Usar una configuraci\u00f3n personalizada para el historial<\/em>.<\/li>\n<li>Ahora ver\u00e1 la opci\u00f3n\u00a0<em>Aceptar cookies<\/em>, puede activarla o desactivarla seg\u00fan sus preferencias.<\/li>\n<\/ol>\n<p>Para acceder a la configuraci\u00f3n de\u00a0<em>cookies<\/em>\u00a0del navegador\u00a0<b>Safari para OSX<\/b>\u00a0siga estos pasos (pueden variar en funci\u00f3n de la versi\u00f3n del navegador):<\/p>\n<ol>\n<li>Vaya a\u00a0<em>Preferencias<\/em>, luego\u00a0<em>Privacy<\/em>.<\/li>\n<li>En este lugar ver\u00e1 la opci\u00f3n\u00a0<em>Bloquear cookies<\/em>\u00a0para que ajuste el tipo de bloqueo que desea realizar.<\/li>\n<\/ol>\n<p>Para acceder a la configuraci\u00f3n de\u00a0<em>cookies<\/em>\u00a0del navegador\u00a0<b>Safari para iOS<\/b>\u00a0siga estos pasos (pueden variar en funci\u00f3n de la versi\u00f3n del navegador):<\/p>\n<ol>\n<li>Vaya a\u00a0<em>Ajustes<\/em>, luego\u00a0<em>Safari<\/em>.<\/li>\n<li>Vaya a\u00a0<em>Privacidad y Seguridad<\/em>, ver\u00e1 la opci\u00f3n\u00a0<em>Bloquear cookies<\/em>\u00a0para que ajuste el tipo de bloqueo que desea realizar.<\/li>\n<\/ol>\n<p>Para acceder a la configuraci\u00f3n de\u00a0<em>cookies<\/em>\u00a0del navegador para dispositivos\u00a0<b>Android<\/b>\u00a0siga estos pasos (pueden variar en funci\u00f3n de la versi\u00f3n del navegador):<\/p>\n<ol>\n<li>Ejecute el navegador y pulse la tecla\u00a0<em>Men\u00fa<\/em>, luego\u00a0<em>Ajustes<\/em>.<\/li>\n<li>Vaya a\u00a0<em>Seguridad y Privacidad<\/em>, ver\u00e1 la opci\u00f3n\u00a0<em>Aceptar cookies<\/em>\u00a0para que active o desactive la casilla.<\/li>\n<\/ol>\n<p>Para acceder a la configuraci\u00f3n de\u00a0<em>cookies<\/em>\u00a0del navegador para dispositivos\u00a0<b>Windows Phone<\/b>\u00a0siga estos pasos (pueden variar en funci\u00f3n de la versi\u00f3n del navegador):<\/p>\n<ol>\n<li>Abra\u00a0<em>Internet Explorer<\/em>, luego\u00a0<em>M\u00e1s<\/em>, luego\u00a0<em>Configuraci\u00f3n<\/em><\/li>\n<li>Ahora puede activar o desactivar la casilla\u00a0<em>Permitir cookies<\/em>.<\/li>\n<\/ol>\n<\/div>\n<\/div>\n<\/article>\n<p><\/main><\/div>\n<\/div>\n<\/div>\n<div class=\"cdp-cookies-alerta  cdp-solapa-ocultar cdp-cookies-textos-izq cdp-cookies-tema-gris\">\n<div class=\"cdp-cookies-texto cdp-mostrar\">\n<h4>Uso de cookies<\/h4>\n<p>Este sitio web (mcht.es) utiliza cookies para que usted tenga la mejor experiencia de usuario. Si contin\u00faa navegando est\u00e1 dando su consentimiento para la aceptaci\u00f3n de las mencionadas cookies y la aceptaci\u00f3n de nuestra\u00a0pol\u00edtica de cookies.<\/p>\n<\/div>\n<\/div>\n<article id=\"post-137\" class=\"post-137 page type-page status-publish\">\n<div class=\"inside-article\">\n<div class=\"entry-content\">\n<p>Una\u00a0<em>cookie<\/em>\u00a0es un peque\u00f1o fichero de texto que se almacena en su navegador cuando visita casi cualquier p\u00e1gina web. Su utilidad es que la web sea capaz de recordar su visita cuando vuelva a navegar por esa p\u00e1gina. Las\u00a0<em>cookies<\/em>\u00a0suelen almacenar informaci\u00f3n de car\u00e1cter t\u00e9cnico, preferencias personales, personalizaci\u00f3n de contenidos, estad\u00edsticas de uso, enlaces a redes sociales, acceso a cuentas de usuario, etc. El objetivo de la\u00a0<em>cookie<\/em>\u00a0es adaptar el contenido de la web a su perfil y necesidades, sin\u00a0<em>cookies<\/em>\u00a0los servicios ofrecidos por cualquier p\u00e1gina se ver\u00edan mermados notablemente. Si desea consultar m\u00e1s informaci\u00f3n sobre qu\u00e9 son las\u00a0<em>cookies<\/em>, qu\u00e9 almacenan, c\u00f3mo eliminarlas, desactivarlas, etc.,\u00a0<a href=\"https:\/\/support.google.com\/chrome\/answer\/95647?hl=es&amp;co=GENIE.Platform%3DDesktop\" target=\"_blank\" rel=\"noopener\">le rogamos se dirija a este enlace.<\/a><\/p>\n<h2>Cookies utilizadas en este sitio web<\/h2>\n<p>Siguiendo las directrices de la Agencia Espa\u00f1ola de Protecci\u00f3n de Datos procedemos a detallar el uso de\u00a0<em>cookies<\/em>\u00a0que hace esta web con el fin de informarle con la m\u00e1xima exactitud posible.<\/p>\n<p>Este sitio web utiliza las siguientes\u00a0<strong>cookies propias<\/strong>:<\/p>\n<ul>\n<li>Cookies de sesi\u00f3n, para garantizar que los usuarios que escriban comentarios en el blog sean humanos y no aplicaciones automatizadas. De esta forma se combate el\u00a0<em>spam<\/em>.<\/li>\n<\/ul>\n<p>Este sitio web utiliza las siguientes\u00a0<strong>cookies de terceros<\/strong>:<\/p>\n<ul>\n<li>Google Analytics: Almacena\u00a0<em>cookies<\/em>\u00a0para poder elaborar estad\u00edsticas sobre el tr\u00e1fico y volumen de visitas de esta web. Al utilizar este sitio web est\u00e1 consintiendo el tratamiento de informaci\u00f3n acerca de usted por Google. Por tanto, el ejercicio de cualquier derecho en este sentido deber\u00e1 hacerlo comunicando directamente con Google.<\/li>\n<li>Redes sociales: Cada red social utiliza sus propias\u00a0<em>cookies<\/em>\u00a0para que usted pueda pinchar en botones del tipo\u00a0<em>Me gusta<\/em>\u00a0o\u00a0<em>Compartir<\/em>.<\/li>\n<\/ul>\n<div class=\"d-flex justify-content-between mb-3\">\n<h4 class=\"text-semi-lg mr-3 mb-0\">Necesarias<\/h4>\n<p class=\"text-semi-lg mr-3 mb-0\">Las cookies necesarias son cruciales para las funciones b\u00e1sicas del sitio web y el sitio web no funcionar\u00e1 de la forma prevista sin ellas.Estas cookies no almacenan ning\u00fan dato de identificaci\u00f3n personal.<\/p>\n<\/div>\n<div id=\"__BVID__1791\" class=\"tabs cookies-script-tab\">\n<div id=\"__BVID__1791__BV_tab_container_\" class=\"tab-content mt-3 position-relative\">\n<div id=\"__BVID__1792\" class=\"tab-pane active\" role=\"tabpanel\" aria-hidden=\"false\" aria-labelledby=\"__BVID__1792___BV_tab_button__\">\n<div class=\"text-muted font-weight-semibold\"><\/div>\n<div class=\"table-responsive\">\n<table class=\"table table-separated table-separated-inverse\">\n<tbody>\n<tr>\n<td class=\"px-0\">\n<table>\n<thead>\n<tr>\n<th class=\"border-0\">Cookie Id<\/th>\n<th class=\"border-0\">Domain<\/th>\n<th class=\"border-0\">Duration<\/th>\n<th class=\"border-0\">\n<div id=\"__BVID__1795\" class=\"dropdown b-dropdown more-option-btn btn-group\"><\/div>\n<\/th>\n<\/tr>\n<\/thead>\n<tbody>\n<tr>\n<td>_GRECAPTCHA<\/td>\n<td>www.google.com<\/td>\n<td class=\"\">6 meses<\/td>\n<\/tr>\n<\/tbody>\n<\/table>\n<table>\n<thead>\n<tr>\n<th class=\"border-0\">Description<\/th>\n<\/tr>\n<\/thead>\n<tbody>\n<tr>\n<td class=\"\">El servicio Recaptcha de Google establece esta cookie para identificar bots y proteger el sitio web contra ataques de spam malintencionados.<\/td>\n<\/tr>\n<\/tbody>\n<\/table>\n<table>\n<thead>\n<tr>\n<th class=\"border-0\">Script URL pattern<\/th>\n<\/tr>\n<\/thead>\n<tbody>\n<tr>\n<td class=\"\">\n<p class=\"mb-2\">google.com<\/p>\n<\/td>\n<\/tr>\n<\/tbody>\n<\/table>\n<\/td>\n<\/tr>\n<tr>\n<td class=\"px-0\">\n<table>\n<thead>\n<tr>\n<th class=\"border-0\">Cookie Id<\/th>\n<th class=\"border-0\">Domain<\/th>\n<th class=\"border-0\">Duration<\/th>\n<th class=\"border-0\">\n<div id=\"__BVID__1800\" class=\"dropdown b-dropdown more-option-btn btn-group\"><\/div>\n<\/th>\n<\/tr>\n<\/thead>\n<tbody>\n<tr>\n<td>rc::a<\/td>\n<td>google.com<\/td>\n<td class=\"\">Nunca<\/td>\n<\/tr>\n<\/tbody>\n<\/table>\n<table>\n<thead>\n<tr>\n<th class=\"border-0\">Description<\/th>\n<\/tr>\n<\/thead>\n<tbody>\n<tr>\n<td class=\"\">This cookie is set by the Google recaptcha service to identify bots to protect the website against malicious spam attacks.<\/td>\n<\/tr>\n<\/tbody>\n<\/table>\n<table>\n<thead>\n<tr>\n<th class=\"border-0\">Script URL pattern<\/th>\n<\/tr>\n<\/thead>\n<tbody>\n<tr>\n<td class=\"\">\n<p class=\"mb-2\">google.com<\/p>\n<\/td>\n<\/tr>\n<\/tbody>\n<\/table>\n<\/td>\n<\/tr>\n<tr>\n<td class=\"px-0\">\n<table>\n<thead>\n<tr>\n<th class=\"border-0\">Cookie Id<\/th>\n<th class=\"border-0\">Domain<\/th>\n<th class=\"border-0\">Duration<\/th>\n<th class=\"border-0\">\n<div id=\"__BVID__1805\" class=\"dropdown b-dropdown more-option-btn btn-group\"><\/div>\n<\/th>\n<\/tr>\n<\/thead>\n<tbody>\n<tr>\n<td>rc::f<\/td>\n<td>google.com<\/td>\n<td class=\"\">Nunca<\/td>\n<\/tr>\n<\/tbody>\n<\/table>\n<table>\n<thead>\n<tr>\n<th class=\"border-0\">Description<\/th>\n<\/tr>\n<\/thead>\n<tbody>\n<tr>\n<td class=\"\">This cookie is set by the Google recaptcha service to identify bots to protect the website against malicious spam attacks.<\/td>\n<\/tr>\n<\/tbody>\n<\/table>\n<table>\n<thead>\n<tr>\n<th class=\"border-0\">Script URL pattern<\/th>\n<\/tr>\n<\/thead>\n<tbody>\n<tr>\n<td class=\"\">\n<p class=\"mb-2\">google.com<\/p>\n<\/td>\n<\/tr>\n<\/tbody>\n<\/table>\n<\/td>\n<\/tr>\n<tr>\n<td class=\"px-0\">\n<table>\n<thead>\n<tr>\n<th class=\"border-0\">Cookie Id<\/th>\n<th class=\"border-0\">Domain<\/th>\n<th class=\"border-0\">Duration<\/th>\n<th class=\"border-0\">\n<div id=\"__BVID__1810\" class=\"dropdown b-dropdown more-option-btn btn-group\"><\/div>\n<\/th>\n<\/tr>\n<\/thead>\n<tbody>\n<tr>\n<td>rc::c<\/td>\n<td>google.com<\/td>\n<td class=\"\">sesi\u00f3n<\/td>\n<\/tr>\n<\/tbody>\n<\/table>\n<table>\n<thead>\n<tr>\n<th class=\"border-0\">Description<\/th>\n<\/tr>\n<\/thead>\n<tbody>\n<tr>\n<td class=\"\">This cookie is set by the Google recaptcha service to identify bots to protect the website against malicious spam attacks.<\/td>\n<\/tr>\n<\/tbody>\n<\/table>\n<table>\n<thead>\n<tr>\n<th class=\"border-0\">Script URL pattern<\/th>\n<\/tr>\n<\/thead>\n<tbody>\n<tr>\n<td class=\"\">\n<p class=\"mb-2\">google.com<\/p>\n<\/td>\n<\/tr>\n<\/tbody>\n<\/table>\n<\/td>\n<\/tr>\n<tr>\n<td class=\"px-0\">\n<table>\n<thead>\n<tr>\n<th class=\"border-0\">Cookie Id<\/th>\n<th class=\"border-0\">Domain<\/th>\n<th class=\"border-0\">Duration<\/th>\n<th class=\"border-0\">\n<div id=\"__BVID__1815\" class=\"dropdown b-dropdown more-option-btn btn-group\"><\/div>\n<\/th>\n<\/tr>\n<\/thead>\n<tbody>\n<tr>\n<td>rc::b<\/td>\n<td>google.com<\/td>\n<td class=\"\">sesi\u00f3n<\/td>\n<\/tr>\n<\/tbody>\n<\/table>\n<table>\n<thead>\n<tr>\n<th class=\"border-0\">Description<\/th>\n<\/tr>\n<\/thead>\n<tbody>\n<tr>\n<td class=\"\">This cookie is set by the Google recaptcha service to identify bots to protect the website against malicious spam attacks.<\/td>\n<\/tr>\n<\/tbody>\n<\/table>\n<table>\n<thead>\n<tr>\n<th class=\"border-0\">Script URL pattern<\/th>\n<\/tr>\n<\/thead>\n<tbody>\n<tr>\n<td class=\"\">\n<p class=\"mb-2\">google.com<\/p>\n<\/td>\n<\/tr>\n<\/tbody>\n<\/table>\n<\/td>\n<\/tr>\n<tr>\n<td class=\"px-0\">\n<table>\n<thead>\n<tr>\n<th class=\"border-0\">Cookie Id<\/th>\n<th class=\"border-0\">Domain<\/th>\n<th class=\"border-0\">Duration<\/th>\n<th class=\"border-0\">\n<div id=\"__BVID__1820\" class=\"dropdown b-dropdown more-option-btn btn-group\"><\/div>\n<\/th>\n<\/tr>\n<\/thead>\n<tbody>\n<tr>\n<td>cookieyes-consent<\/td>\n<td>mcht.es<\/td>\n<td class=\"\">1 a\u00f1o<\/td>\n<\/tr>\n<\/tbody>\n<\/table>\n<table>\n<thead>\n<tr>\n<th class=\"border-0\">Description<\/th>\n<\/tr>\n<\/thead>\n<tbody>\n<tr>\n<td class=\"\">CookieYes establece esta cookie para recordar las preferencias de consentimiento de los usuarios, de modo que se respeten sus preferencias en las siguientes visitas a este sitio. No recoge ni almacena ninguna informaci\u00f3n personal sobre los visitantes del sitio.<\/td>\n<\/tr>\n<\/tbody>\n<\/table>\n<table>\n<thead>\n<tr>\n<th class=\"border-0\">Script URL pattern<\/th>\n<\/tr>\n<\/thead>\n<tbody>\n<tr>\n<td class=\"\">\n<p class=\"mb-2\">cookieyes.com<\/p>\n<\/td>\n<\/tr>\n<\/tbody>\n<\/table>\n<\/td>\n<\/tr>\n<\/tbody>\n<\/table>\n<\/div>\n<\/div>\n<\/div>\n<\/div>\n<div class=\"d-flex justify-content-between mb-3\">\n<h4 class=\"text-semi-lg mr-3 mb-0\">Anal\u00edtica<\/h4>\n<p class=\"text-semi-lg mr-3 mb-0\">Las cookies anal\u00edticas se utilizan para comprender c\u00f3mo interact\u00faan los visitantes con el sitio web. Estas cookies ayudan a proporcionar informaci\u00f3n sobre m\u00e9tricas el n\u00famero de visitantes, el porcentaje de rebote, la fuente de tr\u00e1fico, etc.<\/p>\n<\/div>\n<div id=\"__BVID__1836\" class=\"tabs cookies-script-tab\">\n<div id=\"__BVID__1836__BV_tab_container_\" class=\"tab-content mt-3 position-relative\">\n<div id=\"__BVID__1837\" class=\"tab-pane active\" role=\"tabpanel\" aria-hidden=\"false\" aria-labelledby=\"__BVID__1837___BV_tab_button__\">\n<div>\n<div>\n<div class=\"table-responsive\">\n<table class=\"table table-separated table-separated-inverse\">\n<tbody>\n<tr>\n<td class=\"px-0\">\n<table>\n<thead>\n<tr>\n<th class=\"border-0\">Cookie Id<\/th>\n<th class=\"border-0\">Domain<\/th>\n<th class=\"border-0\">Duration<\/th>\n<th class=\"border-0\">\n<div id=\"__BVID__1840\" class=\"dropdown b-dropdown more-option-btn btn-group\"><\/div>\n<\/th>\n<\/tr>\n<\/thead>\n<tbody>\n<tr>\n<td>_ga_*<\/td>\n<td>.mcht.es<\/td>\n<td class=\"\">1 a\u00f1o 1 mes 4 d\u00edas<\/td>\n<\/tr>\n<\/tbody>\n<\/table>\n<table>\n<thead>\n<tr>\n<th class=\"border-0\">Description<\/th>\n<\/tr>\n<\/thead>\n<tbody>\n<tr>\n<td class=\"\">Google Analytics sets this cookie to store and count page views.<\/td>\n<\/tr>\n<\/tbody>\n<\/table>\n<table>\n<thead>\n<tr>\n<th class=\"border-0\">Script URL pattern<\/th>\n<\/tr>\n<\/thead>\n<tbody>\n<tr>\n<td class=\"\">\n<p class=\"mb-2\">google-analytics.com|googletagmanager.com\/gtag\/js<\/p>\n<\/td>\n<\/tr>\n<\/tbody>\n<\/table>\n<\/td>\n<\/tr>\n<tr>\n<td class=\"px-0\">\n<table>\n<thead>\n<tr>\n<th class=\"border-0\">Cookie Id<\/th>\n<th class=\"border-0\">Domain<\/th>\n<th class=\"border-0\">Duration<\/th>\n<th class=\"border-0\">\n<div id=\"__BVID__1845\" class=\"dropdown b-dropdown more-option-btn btn-group\"><\/div>\n<\/th>\n<\/tr>\n<\/thead>\n<tbody>\n<tr>\n<td>_ga<\/td>\n<td>.mcht.es<\/td>\n<td class=\"\">1 a\u00f1o 1 mes 4 d\u00edas<\/td>\n<\/tr>\n<\/tbody>\n<\/table>\n<table>\n<thead>\n<tr>\n<th class=\"border-0\">Description<\/th>\n<\/tr>\n<\/thead>\n<tbody>\n<tr>\n<td class=\"\">Google Analytics establece esta cookie para calcular los datos de los visitantes, de las sesiones y de las campa\u00f1as y para hacer un seguimiento del uso del sitio para el informe de an\u00e1lisis del sitio. La cookie almacena la informaci\u00f3n de forma an\u00f3nima y asigna un n\u00famero generado aleatoriamente para reconocer a los visitantes \u00fanicos.<\/td>\n<\/tr>\n<\/tbody>\n<\/table>\n<table>\n<thead>\n<tr>\n<th class=\"border-0\">Script URL pattern<\/th>\n<\/tr>\n<\/thead>\n<tbody>\n<tr>\n<td class=\"\">\n<p class=\"mb-2\">google-analytics.com|googletagmanager.com\/gtag\/js<\/p>\n<\/td>\n<\/tr>\n<\/tbody>\n<\/table>\n<\/td>\n<\/tr>\n<\/tbody>\n<\/table>\n<\/div>\n<\/div>\n<\/div>\n<\/div>\n<\/div>\n<\/div>\n<h2>Desactivaci\u00f3n o eliminaci\u00f3n de cookies<\/h2>\n<p>En cualquier momento podr\u00e1 ejercer su derecho de desactivaci\u00f3n o eliminaci\u00f3n de cookies de este sitio web. Estas acciones se realizan de forma diferente en funci\u00f3n del navegador que est\u00e9 usando.<\/p>\n<h2>Notas adicionales<\/h2>\n<ul>\n<li>Ni esta web ni sus representantes legales se hacen responsables ni del contenido ni de la veracidad de las pol\u00edticas de privacidad que puedan tener los terceros mencionados en esta pol\u00edtica de\u00a0<em>cookies<\/em>.<\/li>\n<li>Los navegadores web son las herramientas encargadas de almacenar las\u00a0<em>cookies<\/em>\u00a0y desde este lugar debe efectuar su derecho a eliminaci\u00f3n o desactivaci\u00f3n de las mismas. Ni esta web ni sus representantes legales pueden garantizar la correcta o incorrecta manipulaci\u00f3n de las\u00a0<em>cookies<\/em>\u00a0por parte de los mencionados navegadores.<\/li>\n<li>En algunos casos es necesario instalar\u00a0<em>cookies<\/em>\u00a0para que el navegador no olvide su decisi\u00f3n de no aceptaci\u00f3n de las mismas.<\/li>\n<li>En el caso de las\u00a0<em>cookies<\/em>\u00a0de Google Analytics, esta empresa almacena las\u00a0<em>cookies<\/em> en servidores ubicados en Estados Unidos y se compromete a no compartirla con terceros, excepto en los casos en los que sea necesario para el funcionamiento del sistema o cuando la ley obligue a tal efecto. Seg\u00fan Google no guarda su direcci\u00f3n IP. Google Inc. es una compa\u00f1\u00eda adherida al Acuerdo de Puerto Seguro que garantiza que todos los datos transferidos ser\u00e1n tratados con un nivel de protecci\u00f3n acorde a la normativa europea.<\/li>\n<\/ul>\n<\/div>\n<\/div>\n<\/article>\n<\/div>\n<\/div>\n<\/div>","protected":false},"excerpt":{"rendered":"<p>Cookies: Una\u00a0cookie\u00a0es un fichero de texto\u00a0inofensivo\u00a0que se almacena en su navegador cuando visita casi cualquier p\u00e1gina web. La utilidad de la\u00a0cookie\u00a0es que la web sea capaz de recordar su visita&#8230;<\/p>","protected":false},"author":1,"featured_media":0,"parent":0,"menu_order":0,"comment_status":"closed","ping_status":"closed","template":"","meta":{"footnotes":""},"class_list":["post-844","page","type-page","status-publish"],"_links":{"self":[{"href":"https:\/\/mcht.es\/en\/wp-json\/wp\/v2\/pages\/844","targetHints":{"allow":["GET"]}}],"collection":[{"href":"https:\/\/mcht.es\/en\/wp-json\/wp\/v2\/pages"}],"about":[{"href":"https:\/\/mcht.es\/en\/wp-json\/wp\/v2\/types\/page"}],"author":[{"embeddable":true,"href":"https:\/\/mcht.es\/en\/wp-json\/wp\/v2\/users\/1"}],"replies":[{"embeddable":true,"href":"https:\/\/mcht.es\/en\/wp-json\/wp\/v2\/comments?post=844"}],"version-history":[{"count":7,"href":"https:\/\/mcht.es\/en\/wp-json\/wp\/v2\/pages\/844\/revisions"}],"predecessor-version":[{"id":880,"href":"https:\/\/mcht.es\/en\/wp-json\/wp\/v2\/pages\/844\/revisions\/880"}],"wp:attachment":[{"href":"https:\/\/mcht.es\/en\/wp-json\/wp\/v2\/media?parent=844"}],"curies":[{"name":"wp","href":"https:\/\/api.w.org\/{rel}","templated":true}]}}